{"id":169,"date":"2025-07-03T19:41:56","date_gmt":"2025-07-03T17:41:56","guid":{"rendered":"https:\/\/aleksandramarszal.pl\/moje-konto\/"},"modified":"2025-07-14T16:30:24","modified_gmt":"2025-07-14T14:30:24","slug":"moje-konto","status":"publish","type":"page","link":"https:\/\/aleksandramarszal.pl\/en\/moje-konto\/","title":{"rendered":"Moje konto"},"content":{"rendered":"<div data-elementor-type=\"wp-page\" data-elementor-id=\"169\" class=\"elementor elementor-169\" data-elementor-post-type=\"page\">\n\t\t\t\t<div class=\"elementor-element elementor-element-92c0dad e-flex e-con-boxed e-con e-parent\" data-id=\"92c0dad\" data-element_type=\"container\" data-e-type=\"container\">\n\t\t\t\t\t<div class=\"e-con-inner\">\n\t\t<div class=\"elementor-element elementor-element-ee99c6f e-con-full e-flex e-con e-child\" data-id=\"ee99c6f\" data-element_type=\"container\" data-e-type=\"container\">\n\t\t\t\t<div class=\"elementor-element elementor-element-f217222 elementor-widget elementor-widget-text-editor\" data-id=\"f217222\" data-element_type=\"widget\" data-e-type=\"widget\" data-widget_type=\"text-editor.default\">\n\t\t\t\t\t\t\t\t\t<h1>Moje konto<\/h1>\t\t\t\t\t\t\t\t<\/div>\n\t\t\t\t<div class=\"elementor-element elementor-element-bd3317a elementor-widget__width-inherit moje-konto e-my-account-tabs-vertical elementor-widget elementor-widget-woocommerce-my-account\" data-id=\"bd3317a\" data-element_type=\"widget\" data-e-type=\"widget\" data-settings=\"{&quot;forms_buttons_hover_animation&quot;:&quot;grow&quot;,&quot;tables_button_hover_animation&quot;:&quot;grow&quot;}\" data-widget_type=\"woocommerce-my-account.default\">\n\t\t\t\t\t<div class=\"e-my-account-tab e-my-account-tab__\">\t\t\t<div class=\"woocommerce\"><\/div>\t\t<\/div>\n\t\t\t\t\t\t<\/div>\n\t\t\t\t<\/div>\n\t\t\t\t\t<\/div>\n\t\t\t\t<\/div>\n\t\t\t\t<\/div>","protected":false},"excerpt":{"rendered":"<p>Moje konto Kokpit Zam\u00f3wienia Pliki do pobrania Adresy Metody p\u0142atno\u015bci Szczeg\u00f3\u0142y konta Wyloguj si\u0119 Witaj zosia (nie jeste\u015b zosia? Wyloguj si\u0119) W ustawieniach swojego konta mo\u017cesz przejrze\u0107 swoje ostatnie zam\u00f3wienia, zarz\u0105dza\u0107 adresami p\u0142atno\u015bci i dostawy oraz zmienia\u0107 has\u0142o i szczeg\u00f3\u0142y konta.<\/p>","protected":false},"author":1,"featured_media":0,"parent":0,"menu_order":0,"comment_status":"closed","ping_status":"closed","template":"","meta":{"_acf_changed":false,"inline_featured_image":false,"footnotes":""},"class_list":["post-169","page","type-page","status-publish","hentry"],"acf":[],"yoast_head":"<!-- This site is optimized with the Yoast SEO plugin v27.1.1 - https:\/\/yoast.com\/product\/yoast-seo-wordpress\/ -->\n<title>Moje konto - Aleksandra Marsza\u0142<\/title>\n<meta name=\"robots\" content=\"index, follow, max-snippet:-1, max-image-preview:large, max-video-preview:-1\" \/>\n<link rel=\"canonical\" href=\"https:\/\/aleksandramarszal.pl\/en\/moje-konto\/\" \/>\n<meta property=\"og:locale\" content=\"en_US\" \/>\n<meta property=\"og:type\" content=\"article\" \/>\n<meta property=\"og:title\" content=\"Moje konto - Aleksandra Marsza\u0142\" \/>\n<meta property=\"og:description\" content=\"Moje konto Kokpit Zam\u00f3wienia Pliki do pobrania Adresy Metody p\u0142atno\u015bci Szczeg\u00f3\u0142y konta Wyloguj si\u0119 Witaj zosia (nie jeste\u015b zosia? Wyloguj si\u0119) W ustawieniach swojego konta mo\u017cesz przejrze\u0107 swoje ostatnie zam\u00f3wienia, zarz\u0105dza\u0107 adresami p\u0142atno\u015bci i dostawy oraz zmienia\u0107 has\u0142o i szczeg\u00f3\u0142y konta.\" \/>\n<meta property=\"og:url\" content=\"https:\/\/aleksandramarszal.pl\/en\/moje-konto\/\" \/>\n<meta property=\"og:site_name\" content=\"Aleksandra Marsza\u0142\" \/>\n<meta property=\"article:publisher\" content=\"https:\/\/www.facebook.com\/aleksandra.marszal\" \/>\n<meta property=\"article:modified_time\" content=\"2025-07-14T14:30:24+00:00\" \/>\n<meta name=\"twitter:card\" content=\"summary_large_image\" \/>\n<script type=\"application\/ld+json\" class=\"yoast-schema-graph\">{\"@context\":\"https:\/\/schema.org\",\"@graph\":[{\"@type\":\"WebPage\",\"@id\":\"https:\/\/aleksandramarszal.pl\/moje-konto\/\",\"url\":\"https:\/\/aleksandramarszal.pl\/moje-konto\/\",\"name\":\"Moje konto - Aleksandra Marsza\u0142\",\"isPartOf\":{\"@id\":\"https:\/\/aleksandramarszal.pl\/#website\"},\"datePublished\":\"2025-07-03T17:41:56+00:00\",\"dateModified\":\"2025-07-14T14:30:24+00:00\",\"breadcrumb\":{\"@id\":\"https:\/\/aleksandramarszal.pl\/moje-konto\/#breadcrumb\"},\"inLanguage\":\"en-US\",\"potentialAction\":[{\"@type\":\"ReadAction\",\"target\":[\"https:\/\/aleksandramarszal.pl\/moje-konto\/\"]}]},{\"@type\":\"BreadcrumbList\",\"@id\":\"https:\/\/aleksandramarszal.pl\/moje-konto\/#breadcrumb\",\"itemListElement\":[{\"@type\":\"ListItem\",\"position\":1,\"name\":\"Strona g\u0142\u00f3wna\",\"item\":\"https:\/\/aleksandramarszal.pl\/\"},{\"@type\":\"ListItem\",\"position\":2,\"name\":\"Moje konto\"}]},{\"@type\":\"WebSite\",\"@id\":\"https:\/\/aleksandramarszal.pl\/#website\",\"url\":\"https:\/\/aleksandramarszal.pl\/\",\"name\":\"Aleksandra Marsza\u0142 - Terapia, Coaching & Mentoring, Szkolenia\",\"description\":\"\",\"publisher\":{\"@id\":\"https:\/\/aleksandramarszal.pl\/#organization\"},\"potentialAction\":[{\"@type\":\"SearchAction\",\"target\":{\"@type\":\"EntryPoint\",\"urlTemplate\":\"https:\/\/aleksandramarszal.pl\/?s={search_term_string}\"},\"query-input\":{\"@type\":\"PropertyValueSpecification\",\"valueRequired\":true,\"valueName\":\"search_term_string\"}}],\"inLanguage\":\"en-US\"},{\"@type\":\"Organization\",\"@id\":\"https:\/\/aleksandramarszal.pl\/#organization\",\"name\":\"Aleksandra Marsza\u0142 - Terapia, Coaching & Mentoring, Szkolenia\",\"url\":\"https:\/\/aleksandramarszal.pl\/\",\"logo\":{\"@type\":\"ImageObject\",\"inLanguage\":\"en-US\",\"@id\":\"https:\/\/aleksandramarszal.pl\/#\/schema\/logo\/image\/\",\"url\":\"https:\/\/aleksandramarszal.pl\/wp-content\/uploads\/2025\/07\/Group-11637.svg\",\"contentUrl\":\"https:\/\/aleksandramarszal.pl\/wp-content\/uploads\/2025\/07\/Group-11637.svg\",\"width\":210,\"height\":44,\"caption\":\"Aleksandra Marsza\u0142 - Terapia, Coaching & Mentoring, Szkolenia\"},\"image\":{\"@id\":\"https:\/\/aleksandramarszal.pl\/#\/schema\/logo\/image\/\"},\"sameAs\":[\"https:\/\/www.facebook.com\/aleksandra.marszal\",\"https:\/\/www.instagram.com\/aleksandramarszal\/\",\"https:\/\/www.linkedin.com\/in\/aleksandra-marszal-bohdziul-1916401\/\"]}]}<\/script>\n<!-- \/ Yoast SEO plugin. -->","yoast_head_json":{"title":"Moje konto - Aleksandra Marsza\u0142","robots":{"index":"index","follow":"follow","max-snippet":"max-snippet:-1","max-image-preview":"max-image-preview:large","max-video-preview":"max-video-preview:-1"},"canonical":"https:\/\/aleksandramarszal.pl\/en\/moje-konto\/","og_locale":"en_US","og_type":"article","og_title":"Moje konto - Aleksandra Marsza\u0142","og_description":"Moje konto Kokpit Zam\u00f3wienia Pliki do pobrania Adresy Metody p\u0142atno\u015bci Szczeg\u00f3\u0142y konta Wyloguj si\u0119 Witaj zosia (nie jeste\u015b zosia? Wyloguj si\u0119) W ustawieniach swojego konta mo\u017cesz przejrze\u0107 swoje ostatnie zam\u00f3wienia, zarz\u0105dza\u0107 adresami p\u0142atno\u015bci i dostawy oraz zmienia\u0107 has\u0142o i szczeg\u00f3\u0142y konta.","og_url":"https:\/\/aleksandramarszal.pl\/en\/moje-konto\/","og_site_name":"Aleksandra Marsza\u0142","article_publisher":"https:\/\/www.facebook.com\/aleksandra.marszal","article_modified_time":"2025-07-14T14:30:24+00:00","twitter_card":"summary_large_image","schema":{"@context":"https:\/\/schema.org","@graph":[{"@type":"WebPage","@id":"https:\/\/aleksandramarszal.pl\/moje-konto\/","url":"https:\/\/aleksandramarszal.pl\/moje-konto\/","name":"Moje konto - Aleksandra Marsza\u0142","isPartOf":{"@id":"https:\/\/aleksandramarszal.pl\/#website"},"datePublished":"2025-07-03T17:41:56+00:00","dateModified":"2025-07-14T14:30:24+00:00","breadcrumb":{"@id":"https:\/\/aleksandramarszal.pl\/moje-konto\/#breadcrumb"},"inLanguage":"en-US","potentialAction":[{"@type":"ReadAction","target":["https:\/\/aleksandramarszal.pl\/moje-konto\/"]}]},{"@type":"BreadcrumbList","@id":"https:\/\/aleksandramarszal.pl\/moje-konto\/#breadcrumb","itemListElement":[{"@type":"ListItem","position":1,"name":"Strona g\u0142\u00f3wna","item":"https:\/\/aleksandramarszal.pl\/"},{"@type":"ListItem","position":2,"name":"Moje konto"}]},{"@type":"WebSite","@id":"https:\/\/aleksandramarszal.pl\/#website","url":"https:\/\/aleksandramarszal.pl\/","name":"Aleksandra Marsza\u0142 - Terapia, Coaching & Mentoring, Szkolenia","description":"","publisher":{"@id":"https:\/\/aleksandramarszal.pl\/#organization"},"potentialAction":[{"@type":"SearchAction","target":{"@type":"EntryPoint","urlTemplate":"https:\/\/aleksandramarszal.pl\/?s={search_term_string}"},"query-input":{"@type":"PropertyValueSpecification","valueRequired":true,"valueName":"search_term_string"}}],"inLanguage":"en-US"},{"@type":"Organization","@id":"https:\/\/aleksandramarszal.pl\/#organization","name":"Aleksandra Marsza\u0142 - Terapia, Coaching & Mentoring, Szkolenia","url":"https:\/\/aleksandramarszal.pl\/","logo":{"@type":"ImageObject","inLanguage":"en-US","@id":"https:\/\/aleksandramarszal.pl\/#\/schema\/logo\/image\/","url":"https:\/\/aleksandramarszal.pl\/wp-content\/uploads\/2025\/07\/Group-11637.svg","contentUrl":"https:\/\/aleksandramarszal.pl\/wp-content\/uploads\/2025\/07\/Group-11637.svg","width":210,"height":44,"caption":"Aleksandra Marsza\u0142 - Terapia, Coaching & Mentoring, Szkolenia"},"image":{"@id":"https:\/\/aleksandramarszal.pl\/#\/schema\/logo\/image\/"},"sameAs":["https:\/\/www.facebook.com\/aleksandra.marszal","https:\/\/www.instagram.com\/aleksandramarszal\/","https:\/\/www.linkedin.com\/in\/aleksandra-marszal-bohdziul-1916401\/"]}]}},"_links":{"self":[{"href":"https:\/\/aleksandramarszal.pl\/en\/wp-json\/wp\/v2\/pages\/169","targetHints":{"allow":["GET"]}}],"collection":[{"href":"https:\/\/aleksandramarszal.pl\/en\/wp-json\/wp\/v2\/pages"}],"about":[{"href":"https:\/\/aleksandramarszal.pl\/en\/wp-json\/wp\/v2\/types\/page"}],"author":[{"embeddable":true,"href":"https:\/\/aleksandramarszal.pl\/en\/wp-json\/wp\/v2\/users\/1"}],"replies":[{"embeddable":true,"href":"https:\/\/aleksandramarszal.pl\/en\/wp-json\/wp\/v2\/comments?post=169"}],"version-history":[{"count":0,"href":"https:\/\/aleksandramarszal.pl\/en\/wp-json\/wp\/v2\/pages\/169\/revisions"}],"wp:attachment":[{"href":"https:\/\/aleksandramarszal.pl\/en\/wp-json\/wp\/v2\/media?parent=169"}],"curies":[{"name":"wp","href":"https:\/\/api.w.org\/{rel}","templated":true}]}}